{"id":413,"date":"2020-12-14T16:15:34","date_gmt":"2020-12-14T15:15:34","guid":{"rendered":"http:\/\/www.covca.it\/?page_id=413"},"modified":"2020-12-14T16:17:39","modified_gmt":"2020-12-14T15:17:39","slug":"privacy-policy","status":"publish","type":"page","link":"https:\/\/www.covca.it\/index.php\/privacy-policy\/","title":{"rendered":"Privacy Policy"},"content":{"rendered":"\t\t<div data-elementor-type=\"wp-page\" data-elementor-id=\"413\" class=\"elementor elementor-413\">\n\t\t\t\t\t\t<section class=\"elementor-section elementor-top-section elementor-element elementor-element-ca27e86 elementor-section-boxed elementor-section-height-default elementor-section-height-default\" data-id=\"ca27e86\" data-element_type=\"section\">\n\t\t\t\t\t\t<div class=\"elementor-container elementor-column-gap-default\">\n\t\t\t\t\t<div class=\"elementor-column elementor-col-100 elementor-top-column elementor-element elementor-element-5f1c5b0\" data-id=\"5f1c5b0\" data-element_type=\"column\">\n\t\t\t<div class=\"elementor-widget-wrap elementor-element-populated\">\n\t\t\t\t\t\t<div class=\"elementor-element elementor-element-7ef7b63 elementor-widget elementor-widget-heading\" data-id=\"7ef7b63\" data-element_type=\"widget\" data-widget_type=\"heading.default\">\n\t\t\t\t<div class=\"elementor-widget-container\">\n\t\t\t\t\t<h2 class=\"elementor-heading-title elementor-size-default\">Privacy Policy<\/h2>\t\t\t\t<\/div>\n\t\t\t\t<\/div>\n\t\t\t\t<div class=\"elementor-element elementor-element-3e9e415 elementor-widget elementor-widget-text-editor\" data-id=\"3e9e415\" data-element_type=\"widget\" data-widget_type=\"text-editor.default\">\n\t\t\t\t<div class=\"elementor-widget-container\">\n\t\t\t\t\t\t\t\t\t<p>La salvaguardia della riservatezza dei dati personali costituisce per covca.it un impegno primario. Il presente documento, denominato \u201cPrivacy Policy\u201d, contiene informazioni relative alla gestione dei dati relativi agli utenti da parte di covca.it. Questa Policy potr\u00e0 essere modificata o aggiornata per adeguarsi alle caratteristiche dei servizi offerti da rosamarinacala.it.<br \/>Ai sensi della Legge 675\/96 si dichiara quanto segue:<\/p><p><br \/>1. Raccolta e utilizzo dei dati<br \/>Tutte le informazioni raccolte tramite i vari moduli di adesione a rosamarinacala.it saranno protette e controllate tramite appropriate misure di sicurezza. covca.it non fornisce ad alcun terzo dati personali dei suoi utenti, fatta eccezione per societ\u00e0 che forniscono a covca.it servizi relativi alla gestione, mantenimento e funzionamento del proprio sito Internet nonch\u00e9 ad esigenze di gestione interna di covca.it, ovvero per ottemperare ad obblighi di Legge. A tali societ\u00e0 viene comunque vietato l\u2019utilizzo delle informazioni cui possono avere accesso al fine di fornire tali servizi ad covca.it per fini diversi dalla fornitura del servizio stesso.<\/p><p><br \/>2. Link esterni<br \/>I link esterni riportati su tutto il sito di covca.it, nonch\u00e8 i banner pubblicitari, che anch\u2019essi contengono link, sono collegamenti a siti web indipendenti dal nostro. covca.it non \u00e8 responsabile per le Privacy Policy seguite da tali siti web, e non ha con tali siti alcun rapporto giuridico di affiliazione. Il rapporto dell\u2019utente con tali siti si svolge esclusivamente tra questi ultimi, senza alcun intervento o intermediazione di covca.it.<\/p><p>\u00a0<\/p><p><em><strong>INFORMATIVA AI SENSI DELLA LEGGE 675 DEL 31.12.1996 <\/strong><\/em><em><strong>\u201cTUTELA DELLE PERSONE E DI ALTRI SOGGETTI <\/strong><\/em><em><strong>RISPETTO AL TRATTAMENTO DEI DATI PERSONALI\u201d<\/strong><\/em><\/p><p>Informativa e richiesta di consenso al trattamento dei dati personali<br \/>Per rispettare la legge sulla Privacy La informiamo sull\u2019uso dei Suoi dati personali e sui Suoi diritti (art. 10 legge 31 dicembre 1996, n. 675).<br \/>Il nostro sito durante le normali attivit\u00e0 e servizi offerti, tramite la compilazione dei moduli presenti, non richiede, se non per esclusiva volont\u00e0 dell\u2019utente, l\u2019inserimento di dati strettamente personali come nome e cognome veri, indirizzi ed altri dati anagrafici.<br \/>Le chiediamo quindi di esprimere il consenso per i trattamenti di dati strettamente necessari per le operazioni e servizi da Lei richiesti. Tale consenso riguarda anche, pi\u00f9 specificamente, l\u2019attivit\u00e0 svolta da terzi fornitori di servizi per covca.it.<br \/>I dati da Lei forniti sono utilizzati solo con modalit\u00e0 e procedure strettamente necessarie per fornirLe i servizi desiderati.<br \/>Lei ha diritto di conoscere, in ogni momento, quali sono i Suoi dati e come essi vengono utilizzati. Ha anche il diritto di farli aggiornare, integrare, rettificare o cancellare, chiederne il blocco ed opporsi al loro trattamento. Per ottenere ci\u00f2 pu\u00f2 semplicemente richiederlo alla nostra redazione tramite l\u2019invio di un messaggio di posta elettronica a segreteria@rosamarinacala.it , oppure, dove previsto, pu\u00f2 accedere tramite password personale e modificare a Suo piacimento i dati forniti.<br \/>L\u2019azienda che raccoglie e custodisce i dati per covca.it \u00e8 CO.V.CA. \u2013 Consorzio Villaggio Cala di Rosamarina con sede a Cala di Rosamarina 72017 OSTUNI (BR) in C.da Pilone.<\/p>\t\t\t\t\t\t\t\t<\/div>\n\t\t\t\t<\/div>\n\t\t\t\t\t<\/div>\n\t\t<\/div>\n\t\t\t\t\t<\/div>\n\t\t<\/section>\n\t\t\t\t<\/div>\n\t\t","protected":false},"excerpt":{"rendered":"<p>Privacy Policy La salvaguardia della riservatezza dei dati personali costituisce per covca.it un impegno primario. Il presente documento, denominato \u201cPrivacy Policy\u201d, contiene informazioni relative alla gestione dei dati relativi agli utenti da parte di covca.it. Questa Policy potr\u00e0 essere modificata o aggiornata per adeguarsi alle caratteristiche dei servizi offerti da rosamarinacala.it.Ai sensi della Legge 675\/96&hellip;<\/p>\n","protected":false},"author":1,"featured_media":0,"parent":0,"menu_order":0,"comment_status":"closed","ping_status":"closed","template":"","meta":{"footnotes":""},"class_list":["post-413","page","type-page","status-publish","hentry"],"_links":{"self":[{"href":"https:\/\/www.covca.it\/index.php\/wp-json\/wp\/v2\/pages\/413","targetHints":{"allow":["GET"]}}],"collection":[{"href":"https:\/\/www.covca.it\/index.php\/wp-json\/wp\/v2\/pages"}],"about":[{"href":"https:\/\/www.covca.it\/index.php\/wp-json\/wp\/v2\/types\/page"}],"author":[{"embeddable":true,"href":"https:\/\/www.covca.it\/index.php\/wp-json\/wp\/v2\/users\/1"}],"replies":[{"embeddable":true,"href":"https:\/\/www.covca.it\/index.php\/wp-json\/wp\/v2\/comments?post=413"}],"version-history":[{"count":4,"href":"https:\/\/www.covca.it\/index.php\/wp-json\/wp\/v2\/pages\/413\/revisions"}],"predecessor-version":[{"id":417,"href":"https:\/\/www.covca.it\/index.php\/wp-json\/wp\/v2\/pages\/413\/revisions\/417"}],"wp:attachment":[{"href":"https:\/\/www.covca.it\/index.php\/wp-json\/wp\/v2\/media?parent=413"}],"curies":[{"name":"wp","href":"https:\/\/api.w.org\/{rel}","templated":true}]}}